{"id":2,"date":"2011-08-05T14:11:42","date_gmt":"2011-08-05T12:11:42","guid":{"rendered":"http:\/\/radioplayers.de\/?page_id=2"},"modified":"2013-10-10T08:06:16","modified_gmt":"2013-10-10T06:06:16","slug":"beispiel-seite","status":"publish","type":"page","link":"https:\/\/radioplayers.de\/?page_id=2","title":{"rendered":"Profil"},"content":{"rendered":"<p><strong>RadioPlayers<\/strong> m\u00f6chte parallel zur herk\u00f6mmlichen Verbreitung seiner Produkte (\u00fcber Sender und Verlage) auch versuchen, die gro\u00dfartigen digitalen Verbreitungswege via Internet zu nutzen:<\/p>\n<p><strong>RadioPlayers<\/strong> arbeitet zusammen mit dem Tonmeister Jean-Boris Szymczak im Studio P4, gelegen auf dem geschichtstr\u00e4chtigen Gel\u00e4nde der Nalepastrasse, dem ehemaligen Rundfunk der DDR. Studio P4 arbeitet schwerpunktm\u00e4\u00dfig im Bereich H\u00f6rspiel &amp; Musik \u2013 auch im 5.1-Surround-Verfahren (http:\/\/www.lalune.de) Studio P4 ist Partnerstudio der ARD.<\/p>\n<p>Besuchen Sie auch unsere weitere Plattform <a href=\"http:\/\/www.audioplayers.de\/\">www.audioplayers.de<\/a>. audioplayers.de wird die Website, auf der unsere Produkte online zu erwerben sein werden. Auf audioplayers.de werden auch die zum Projekt erstellten Informationsseiten erh\u00e4ltlich sein inklusive Covers, Fotos und evtl. kleine Videoclips, die w\u00e4hrend der Produktion entstehen und die das Angebot erweitern bzw. erg\u00e4nzen k\u00f6nnten.<\/p>\n<p>&nbsp;<\/p>\n<p><strong><img loading=\"lazy\" decoding=\"async\" class=\"alignleft size-full wp-image-48\" title=\"Alexander Schuhmacher\" src=\"http:\/\/radioplayers.de\/wp-content\/uploads\/2011\/08\/Foto628.jpg\" alt=\"Alexander Schuhmacher\" width=\"154\" height=\"211\" \/>Wer steht hinter RadioPlayers?<\/strong> Alexander Schuhmacher ist einer der namhaftesten deutschen H\u00f6rspielmacher, mit vielz\u00e4hligen Preisen bedacht \u2013 unter anderem: mehrere H\u00f6rspiele des Monats, Civis-Preis (verliehen vom Bundespr\u00e4sidenten), den Kurd-La\u00dfwitz-Preis f\u00fcr das beste Science-Fiction-H\u00f6rspiel 2005, H\u00f6rbuch des Monats, H\u00f6rbuch des Jahres und andere&#8230; Schuhmacher verf\u00fcgt \u00fcber ein enggestricktes Netzwerk, in dem man namhafte Profis aus allen Bereichen der medialen K\u00fcnste findet.<\/p>\n<p>&nbsp;<\/p>\n<p><strong><span style=\"text-decoration: underline;\">Der Alchimist<\/span><\/strong> (SR, 1998)<\/p>\n<p>bis heute ca. 280.000 verkaufte Exemplare \/ ausgezeichnet mit Gold- und Platinschallplatten).<\/p>\n<p><strong><span style=\"text-decoration: underline;\">Superhero<\/span><\/strong> nach Anthony McCarten (Regie, NDR 2009)<\/p>\n<p>Musik: Christopher Sylvester &amp; Jo Ambros<strong><\/strong><strong><\/strong><\/p>\n<p><strong><span style=\"text-decoration: underline;\">Die Vermessung der Welt<\/span><\/strong> nach Daniel Kehlmann (Manuskript &amp; Regie, NDR 2007)<\/p>\n<p>Musik: Claudio Puntin &amp; sepiasonic<\/p>\n<p><strong><span style=\"text-decoration: underline;\">Die Stadt der Blinden<\/span><\/strong><strong> <\/strong>nach Jos\u00e9 Saramago (Manuskript &amp; Regie, NDR 2001)<strong><\/strong><\/p>\n<p>Musik-Sounddesign: A. Schuhmacher<\/p>\n<p><strong><span style=\"text-decoration: underline;\">Der Meister Leonhard<\/span><\/strong> nach Gustav Meyrink (Manuskript &amp; Regie, NDR 1997)<\/p>\n<p>Musik: Fred\u00a0 Frith<strong><br \/>\n<\/strong><\/p>\n<p><strong><span style=\"text-decoration: underline;\">Der Baron Bagge<\/span><\/strong> nach Alexander Lernet-Holenia (Manuskript &amp; Regie, NDR 1999)<\/p>\n<p>Musik: Michael Schiefel<strong><\/strong><\/p>\n<p><strong><span style=\"text-decoration: underline;\">Vom Winde verweht<\/span><\/strong><strong> <\/strong>von M.Mitchell (ungek\u00fcrzt, 34 CDs, Hoffmann &amp; Campe, 2008)<\/p>\n<p>Sprecher: Ulrich Noethen<\/p>\n<p>&nbsp;<\/p>\n<p><strong>Downloads:<\/strong><\/p>\n<p><a href=\"http:\/\/www.radioplayers.de\/wp-content\/uploads\/2011\/08\/hoerspiele_regisseur.pdf\">H\u00f6rspiele als Regisseur (PDF)<\/a><\/p>\n<p><a href=\"http:\/\/www.radioplayers.de\/wp-content\/uploads\/2011\/08\/hoerspiele_autor_regisseur.pdf\">H\u00f6rspiele als Autor &amp; Regisseur (PDF)<\/a><\/p>\n<p>&nbsp;<\/p>\n","protected":false},"excerpt":{"rendered":"<p>RadioPlayers m\u00f6chte parallel zur herk\u00f6mmlichen Verbreitung seiner Produkte (\u00fcber Sender und Verlage) auch versuchen, die gro\u00dfartigen digitalen Verbreitungswege via Internet zu nutzen: RadioPlayers arbeitet zusammen mit dem Tonmeister Jean-Boris Szymczak im Studio P4, gelegen auf dem geschichtstr\u00e4chtigen Gel\u00e4nde der Nalepastrasse, dem ehemaligen Rundfunk der DDR. Studio P4 arbeitet schwerpunktm\u00e4\u00dfig im Bereich H\u00f6rspiel &amp; Musik \u2013 [&hellip;]<\/p>\n","protected":false},"author":1,"featured_media":0,"parent":0,"menu_order":5,"comment_status":"closed","ping_status":"closed","template":"","meta":{"footnotes":""},"class_list":["post-2","page","type-page","status-publish","hentry"],"_links":{"self":[{"href":"https:\/\/radioplayers.de\/index.php?rest_route=\/wp\/v2\/pages\/2","targetHints":{"allow":["GET"]}}],"collection":[{"href":"https:\/\/radioplayers.de\/index.php?rest_route=\/wp\/v2\/pages"}],"about":[{"href":"https:\/\/radioplayers.de\/index.php?rest_route=\/wp\/v2\/types\/page"}],"author":[{"embeddable":true,"href":"https:\/\/radioplayers.de\/index.php?rest_route=\/wp\/v2\/users\/1"}],"replies":[{"embeddable":true,"href":"https:\/\/radioplayers.de\/index.php?rest_route=%2Fwp%2Fv2%2Fcomments&post=2"}],"version-history":[{"count":29,"href":"https:\/\/radioplayers.de\/index.php?rest_route=\/wp\/v2\/pages\/2\/revisions"}],"predecessor-version":[{"id":1840,"href":"https:\/\/radioplayers.de\/index.php?rest_route=\/wp\/v2\/pages\/2\/revisions\/1840"}],"wp:attachment":[{"href":"https:\/\/radioplayers.de\/index.php?rest_route=%2Fwp%2Fv2%2Fmedia&parent=2"}],"curies":[{"name":"wp","href":"https:\/\/api.w.org\/{rel}","templated":true}]}}