{"id":23,"date":"2011-08-08T08:11:15","date_gmt":"2011-08-08T06:11:15","guid":{"rendered":"http:\/\/radioplayers.de\/?page_id=23"},"modified":"2017-11-21T06:58:47","modified_gmt":"2017-11-21T05:58:47","slug":"produktionen","status":"publish","type":"page","link":"https:\/\/radioplayers.de\/?page_id=23","title":{"rendered":"RadioPlayers"},"content":{"rendered":"<p>RadioPlayers <strong>PRODUKTIONEN<\/strong><\/p>\n<p>Hans Henny Jahnn<br \/>\nDIE NACHT AUS BLEI<br \/>\n5.1-Surround-H\u00f6rspiel<\/p>\n<p>Schon Anfang der 90er Jahre habe ich \u201eDie Nacht aus Blei\u201c von Hans Henny Jahnn als H\u00f6rspiel bearbeitet und erst nach Fertigstellung erfahren, da\u00df dieser Text Anfang der 80er Jahre schon mal produziert wurde und habe mich nicht weiter um eine Realisierung gek\u00fcmmert, da sie aussichtsos erschien. 2007 habe ich diese Bearbeitung meinem guten Freund Michael Rotschopf (u.a. zu h\u00f6ren in der Rolle Alexander von Humboldts in meiner H\u00f6rspielfassung von \u201eDie Vermessung der Welt\u201c oder zu sehen vor zwei Jahren in Peter Steins \u201eWallenstein\u201c-Inszenierung als \u201eQuestenberg\u201c neben KM Brandauer) in die Hand gedr\u00fcckt und sagte ihm: \u201eLies doch mal&#8230;\u201c. Daraus entwickelte sich ein unglaublich aufwendigstes Projekt! Rotschopf war so angetan von \u201eDie Nacht aus Blei\u201c, da\u00df wir gemeinsam beschlossen, Mitstreiter f\u00fcr eine freie Produktion zu suchen (die wir zusammen als Produzenten stemmen wollten) \u2013 und wir sind f\u00fcndig geworden!<\/p>\n<p>Die Sprachaufnahmen waren im November 2008 abgeschlossen \u2013 die Musikaufnahmen folgten im M\u00e4rz 2009. F\u00fcr meine H\u00f6rspielfassung hat Jakob Diehl eigens eine 130 Seiten Partitur\u00a0f\u00fcr 11-k\u00f6pfiges Ensemble geschrieben. F\u00fcr die Umsetzung haben wir ein Ensemble von Profi-Musiker aus der Neuen Musik zusammengestellt, das in der Woche vom 9.-13.03.2009 in der Nalepastrasse bei Jean-Boris Szymczak aufgenommen wurde, wo auch die Postproduktion stattfand.<\/p>\n<p>Folgende Schauspieler\/innen konnte ich ehrenamtlich gewinnen: <strong>Michael Rotschopf<\/strong> als Hauptrolle (er bestreitet einen Gro\u00dfteil des St\u00fcckes im Dialog mit sich selbst!), desweiteren sind dabei: <strong>Ulrich Noethen, Sandra Borgmann, Leslie Malton, Barnaby Metschurat <\/strong>und<strong> Hans Diehl<\/strong>. Nachdem wir dieses Projekt schon angesto\u00dfen und terminiert hatten, stellte sich gl\u00fccklicherweise heraus, da\u00df 2009 das Jubil\u00e4um zum 50.Todesjahr Hans Henny Jahnns (\u2020 Nov. 1959) begangen wurde \u2013 und ich w\u00e4re nat\u00fcrlich entz\u00fcckt, wenn dieses Projekt auf offenen Ohren st\u00f6\u00dft und seinen Platz im Programm f\u00e4nde!<\/p>\n<p>L\u00e4nge: 112 min \/ 5.1 Surround &amp;\u00a0Stereo<\/p>\n<p><strong>DIE NACHT AUS BLEI &#8211; Wortaufnahmen:<\/strong><br \/>\n[nggallery id=2]<\/p>\n<p><strong>DIE NACHT AUS BLEI &#8211; Musikaufnahmen:<\/strong><br \/>\n[nggallery id=1]<\/p>\n<p>Alle weiteren Details im Anhang als <a>PDF Download. <\/a><\/p>\n<p>Alexander Schuhmacher<\/p>\n<p>Berlin im April 2009<\/p>\n<p><span style=\"text-decoration: underline;\"><strong>KRITIKEN<\/strong><\/span><\/p>\n<p>\u00b7\u00a0<a href=\"http:\/\/radioplayers.de\/wp-content\/uploads\/2011\/08\/\u00b7\u00a002.09.2011-\u2022\u00a0Ein-Abgrund-gef\u00fcllt-mit-Albtr\u00e4umen-Hans-Henny-Jahnn-Die-Nacht-aus-Blei-Kritik-Deutschlandradio-Kultur1.pdf\">02.09.2011 \u2022\u00a0Ein Abgrund gef\u00fcllt mit Albtr\u00e4umen &#8211; Hans Henny Jahnn &#8222;Die Nacht aus Blei&#8220; | Kritik | Deutschlandradio Kultur<\/a><\/p>\n<p>\u00b7\u00a0<a href=\"http:\/\/radioplayers.de\/wp-content\/uploads\/2011\/08\/\u00b7\u00a010.09.2011-\u2022\u00a0Kritik-Jens-Bisky-\u2022\u00a0Die-Nacht-aus-Blei-\u2022\u00a0S\u00fcddeutsche-Zeitung1.pdf\">10.09.2011 \u2022\u00a0Kritik Jens Bisky \u2022\u00a0Die Nacht aus Blei \u2022\u00a0S\u00fcddeutsche Zeitung<\/a><\/p>\n<p>&nbsp;<\/p>\n<p>&nbsp;<\/p>\n","protected":false},"excerpt":{"rendered":"<p>RadioPlayers PRODUKTIONEN Hans Henny Jahnn DIE NACHT AUS BLEI 5.1-Surround-H\u00f6rspiel Schon Anfang der 90er Jahre habe ich \u201eDie Nacht aus Blei\u201c von Hans Henny Jahnn als H\u00f6rspiel bearbeitet und erst nach Fertigstellung erfahren, da\u00df dieser Text Anfang der 80er Jahre schon mal produziert wurde und habe mich nicht weiter um eine Realisierung gek\u00fcmmert, da sie [&hellip;]<\/p>\n","protected":false},"author":1,"featured_media":0,"parent":0,"menu_order":2,"comment_status":"closed","ping_status":"closed","template":"","meta":{"footnotes":""},"class_list":["post-23","page","type-page","status-publish","hentry"],"_links":{"self":[{"href":"https:\/\/radioplayers.de\/index.php?rest_route=\/wp\/v2\/pages\/23","targetHints":{"allow":["GET"]}}],"collection":[{"href":"https:\/\/radioplayers.de\/index.php?rest_route=\/wp\/v2\/pages"}],"about":[{"href":"https:\/\/radioplayers.de\/index.php?rest_route=\/wp\/v2\/types\/page"}],"author":[{"embeddable":true,"href":"https:\/\/radioplayers.de\/index.php?rest_route=\/wp\/v2\/users\/1"}],"replies":[{"embeddable":true,"href":"https:\/\/radioplayers.de\/index.php?rest_route=%2Fwp%2Fv2%2Fcomments&post=23"}],"version-history":[{"count":28,"href":"https:\/\/radioplayers.de\/index.php?rest_route=\/wp\/v2\/pages\/23\/revisions"}],"predecessor-version":[{"id":2716,"href":"https:\/\/radioplayers.de\/index.php?rest_route=\/wp\/v2\/pages\/23\/revisions\/2716"}],"wp:attachment":[{"href":"https:\/\/radioplayers.de\/index.php?rest_route=%2Fwp%2Fv2%2Fmedia&parent=23"}],"curies":[{"name":"wp","href":"https:\/\/api.w.org\/{rel}","templated":true}]}}